{"id":1721,"date":"2017-06-08T10:01:02","date_gmt":"2017-06-08T08:01:02","guid":{"rendered":"http:\/\/www.spazioweb2.buonastampa.net\/?page_id=342"},"modified":"2024-05-17T10:22:32","modified_gmt":"2024-05-17T08:22:32","slug":"consulenza-aziendale","status":"publish","type":"page","link":"https:\/\/piemontecnica.com\/index.php\/consulenza-aziendale\/","title":{"rendered":"Tender management"},"content":{"rendered":"<p>[vc_row][vc_column][vc_single_image image=&#8221;2161&#8243; img_size=&#8221;full&#8221; alignment=&#8221;center&#8221;][\/vc_column][\/vc_row][vc_row][vc_column css=&#8221;.vc_custom_1496910251777{margin-top: 50px !important;margin-bottom: 50px !important;}&#8221;][vc_column_text el_class=&#8221;testo20&#8243;]Collaboriamo da anni, in prima persona, con il mondo imprenditoriale da cui abbiamo acquisito conoscenze e mentalit\u00e0 che ci consentono di finalizzare insieme i vostri obiettivi e di capire al volo le vostre esigenze.<\/p>\n<p>Siamo esperti nella redazione delle offerte tecniche migliorative per le gare economicamente pi\u00f9 vantaggiose (OEV), Relazioni di giustificativa offerta economica, Analisi tecnico\/economica degli appalti pubblici e privati, gestione del contenzioso, supporto legale e studio della cantierizzazione delle opere complesse.[\/vc_column_text][\/vc_column][\/vc_row][vc_row][vc_column][vc_tta_accordion style=&#8221;flat&#8221; shape=&#8221;square&#8221; gap=&#8221;10&#8243; active_section=&#8221;1&#8243; no_fill=&#8221;true&#8221; collapsible_all=&#8221;true&#8221;][vc_tta_section title=&#8221;OFFERTE TECNICHE PER GARE ECONOMICAMENTE PIU&#8217; VANTAGGIOSE \u201cOEV\u201d&#8221; tab_id=&#8221;1500135093351-9e70105b-a0ff&#8221;][vc_column_text]\u00c8 il nostro core business: partiamo dalle vostre conoscenze e dalle vostre esperienze e le trasformiamo in proposte innovative ed accattivanti modellate in funzione delle richieste del Bando.<br \/>\nVi seguiamo a partire dall\u2019analisi del Bando e dei documenti di gara sino alla consegna del materiale:<\/p>\n<ul>\n<li>sviluppiamo le migliorie tecniche puntando in particolare su metodologie costruttive performanti e materiali innovativi (CAM e GPP \u2013 Criteri Ambientali Minimi e Green Public Procurement)<\/li>\n<li>valutiamo insieme il computo metrico estimativo di gara e il peso economico delle migliorie individuate insieme, per aiutarvi nella scelta di un ribasso economico congruo<\/li>\n<li>analizziamo con voi il cronoprogramma di gara e lo sviluppiamo in funzione della vostra reale organizzazione lavorativa<\/li>\n<li>redigiamo il piano di gestione del cantiere inteso sia come cantierizzazione in sito (utilizzando anche simulazioni 3d) che come struttura di project management.<br \/>\nIn 20 anni di esperienza abbiamo affrontato pi\u00f9 di 600 gare la gran parte delle quali relative alle categorie OG3, OG6, OG1, OG2, OG8, OG13 e OS21 su tutto il territorio nazionale.<\/li>\n<\/ul>\n<p>[\/vc_column_text][\/vc_tta_section][vc_tta_section title=&#8221;GIUSTIFICATIVI OFFERTA ECONOMICA&#8221; tab_id=&#8221;1500135093389-73c65f08-ea7e&#8221;][vc_column_text]Grazie all\u2019esperienza acquisita ed alla seriet\u00e0 dei nostri clienti, i nostri giustificativi delle offerte economiche hanno sempre ottenuto esito positivo; illustriamo alle stazioni appaltanti i motivi economici e tecnici che hanno consentito al nostro cliente e a lui soltanto di formulare quel determinato ribasso.<br \/>\nQuesto \u00e8 il nostro modo di procedere:<\/p>\n<ul>\n<li>vi incontriamo e capiamo insieme a voi il modo migliore di dimostrare alla stazione appaltante la sostenibilit\u00e0 della vostra offerta economica,<\/li>\n<li>predisponiamo la relazione di accompagnamento e le analisi delle singole voci di elenco prezzi,<\/li>\n<li>vi forniamo il supporto per la richiesta dei preventivi presso fornitori di fiducia o altri,<\/li>\n<li>se necessario, vi assicuriamo la nostra presenza per la fase di contraddittorio con la Stazione appaltante.<\/li>\n<\/ul>\n<p>[\/vc_column_text][\/vc_tta_section][vc_tta_section title=&#8221;GESTIONE DEL CONTENZIOSO E SUPPORTO LEGALE&#8221; tab_id=&#8221;1500135321183-9be86afb-5264&#8243;][vc_column_text]Vi offriamo un servizio di consulenza e gestione del contenzioso nel settore delle opere pubbliche finalizzata anzitutto a risolvere in modo \u201csnello\u201d le controversie insorte tra l\u2019appaltatore e la stazione appaltante:<\/p>\n<ul>\n<li>assistenza tecnica e giuridica per valutare la natura del contenzioso<\/li>\n<li>redazione riserve e valutazione economica delle stesse<\/li>\n<li>verifica dei documenti amministrativi e della contabilit\u00e0<\/li>\n<li>redazione perizie suppletive, varianti e nuovi prezzi<\/li>\n<\/ul>\n<p>Svolgiamo questo servizio avvalendoci dell\u2019appoggio continuo di nostri consulenti legali di fiducia.[\/vc_column_text][\/vc_tta_section][vc_tta_section title=&#8221;STUDIO DELLA CANTIERIZZAZIONE DELLE OPERE COMPLESSE&#8221; tab_id=&#8221;1500135401133-2d558258-21f7&#8243;][vc_column_text]Grazie all\u2019esperienza acquisita sia come progettisti che come consulenti alle Imprese, siamo in grado di guardare il cantiere e l\u2019evoluzione della realizzazione dell\u2019opera da entrambi i punti di vista; questo \u00e8 un grande valore aggiunto.<br \/>\nPossiamo sviluppare per voi uno studio completo della cantierizzazione che comprende:<\/p>\n<ul>\n<li>redazione tavole grafiche e relazione di accompagnamento<\/li>\n<li>redazione di cronoprogramma di dettaglio con il software Microsoft Project<\/li>\n<li>impiego di specifici programmi 3d che consentono di visualizzare ogni parte realizzativa con luci, ombre, materiali, scenari, attrezzature e contesti reali.<\/li>\n<\/ul>\n<p>[\/vc_column_text][\/vc_tta_section][\/vc_tta_accordion][\/vc_column][\/vc_row][vc_row][vc_column][vc_separator border_width=&#8221;5&#8243; css=&#8221;.vc_custom_1496911635888{margin-top: 50px !important;margin-bottom: 50px !important;}&#8221;]<div class=\"call-to-action\">\n\t\t\t\t\t\t<div class=\"col-md-9\">\n\t\t\t\t\t\t\t<h2 class=\"action-title\" style=font-size:18px;>\n\t\t\t\t\t\t\t\tCon cura e professionalit\u00e0 ottimizziamo ogni soluzione alla tua impresa.\n\t\t\t\t\t\t\t<\/h2>\n\t\t\t\t\t\t<\/div>\n\t\t\t\t\t\t<div class=\"col-md-3 button-side\">\n\t\t\t\t\t\t\t<a class=\"btn btn-toranj\" href=\"http:\/\/piemontecnica.com\/index.php\/contatti\/\" target=\"\">Contattaci<\/a>\n\t\t\t\t\t\t<\/div>\n\t\t\t\t\t\t<div class=\"clearfix\"><\/div>\n\t\t\t\t\t<\/div>[vc_separator color=&#8221;white&#8221; css=&#8221;.vc_custom_1500976258579{margin-top: 20px !important;margin-bottom: 20px !important;}&#8221;][vc_row_inner][vc_column_inner width=&#8221;1\/3&#8243;]<a href=\"http:\/\/piemontecnica.com\/index.php\/servizi-per-ingegneria\/\" target=\"\"><div class=\"tj-hover-3\">\n\t\t\t\t\t\t\t\t<img src=\"https:\/\/piemontecnica.com\/wp-content\/uploads\/2017\/07\/servizi-ingegneria.jpg\" class=\"img-responsive\" alt=\"Servizi per l&#039;ingegneria\">\n\n\t\t\t\t\t\t\t\t<!-- Item Overlay -->\n\t\t\t\t\t\t\t\t<div class=\"tj-overlay\">\n\t\t\t\t\t\t\t\t\t<div class=\"vcenter-wrapper\">\n\t\t\t\t\t\t\t\t\t\t<div class=\"overlay-texts vcenter\">\n\t\t\t\t\t\t\t\t\t\t\t<h3 class=\"title\">Servizi per l&#039;ingegneria<\/h3>\n\t\t\t\t\t\t\t\t\t\t\t<h4 class=\"subtitle\">Tutto ci\u00f2 che hai in mente con noi \u00e8 pi\u00f9 semplice<\/h4>\n\t\t\t\t\t\t\t\t\t\t<\/div>\n\t\t\t\t\t\t\t\t\t<\/div>\n\t\t\t\t\t\t\t\t<\/div>\n\t\t\t\t\t\t\t\t<!-- \/Item Overlay -->\n\t\t\t\t\t\t\t<\/div><\/a>[\/vc_column_inner][vc_column_inner width=&#8221;1\/3&#8243;]<a href=\"http:\/\/piemontecnica.com\/index.php\/ricerca-finanziamenti\/\" target=\"\"><div class=\"tj-hover-3\">\n\t\t\t\t\t\t\t\t<img src=\"https:\/\/piemontecnica.com\/wp-content\/uploads\/2017\/07\/ricerca-finanziamenti.jpg\" class=\"img-responsive\" alt=\"Gare per concessioni demaniali\">\n\n\t\t\t\t\t\t\t\t<!-- Item Overlay -->\n\t\t\t\t\t\t\t\t<div class=\"tj-overlay\">\n\t\t\t\t\t\t\t\t\t<div class=\"vcenter-wrapper\">\n\t\t\t\t\t\t\t\t\t\t<div class=\"overlay-texts vcenter\">\n\t\t\t\t\t\t\t\t\t\t\t<h3 class=\"title\">Gare per concessioni demaniali<\/h3>\n\t\t\t\t\t\t\t\t\t\t\t<h4 class=\"subtitle\">Procedure per concessioni balneari<\/h4>\n\t\t\t\t\t\t\t\t\t\t<\/div>\n\t\t\t\t\t\t\t\t\t<\/div>\n\t\t\t\t\t\t\t\t<\/div>\n\t\t\t\t\t\t\t\t<!-- \/Item Overlay -->\n\t\t\t\t\t\t\t<\/div><\/a>[\/vc_column_inner][vc_column_inner width=&#8221;1\/3&#8243;]<a href=\"http:\/\/piemontecnica.com\/\" target=\"\"><div class=\"tj-hover-3\">\n\t\t\t\t\t\t\t\t<img src=\"https:\/\/piemontecnica.com\/wp-content\/uploads\/2017\/07\/piemontecnica-main.jpg\" class=\"img-responsive\" alt=\"Home Page\">\n\n\t\t\t\t\t\t\t\t<!-- Item Overlay -->\n\t\t\t\t\t\t\t\t<div class=\"tj-overlay\">\n\t\t\t\t\t\t\t\t\t<div class=\"vcenter-wrapper\">\n\t\t\t\t\t\t\t\t\t\t<div class=\"overlay-texts vcenter\">\n\t\t\t\t\t\t\t\t\t\t\t<h3 class=\"title\">Home Page<\/h3>\n\t\t\t\t\t\t\t\t\t\t\t<h4 class=\"subtitle\">La casa di Piemontecnica<\/h4>\n\t\t\t\t\t\t\t\t\t\t<\/div>\n\t\t\t\t\t\t\t\t\t<\/div>\n\t\t\t\t\t\t\t\t<\/div>\n\t\t\t\t\t\t\t\t<!-- \/Item Overlay -->\n\t\t\t\t\t\t\t<\/div><\/a>[\/vc_column_inner][\/vc_row_inner][\/vc_column][\/vc_row]<\/p>\n","protected":false},"excerpt":{"rendered":"<p>[vc_row][vc_column][vc_single_image image=&#8221;2161&#8243; img_size=&#8221;full&#8221; alignment=&#8221;center&#8221;][\/vc_column][\/vc_row][vc_row][vc_column css=&#8221;.vc_custom_1496910251777{margin-top: 50px !important;margin-bottom: 50px !important;}&#8221;][vc_column_text el_class=&#8221;testo20&#8243;]Collaboriamo da anni, in prima persona, con il mondo imprenditoriale da cui abbiamo acquisito conoscenze e mentalit\u00e0 che ci consentono di finalizzare insieme i vostri obiettivi e di capire al volo le vostre esigenze. Siamo esperti nella redazione delle offerte tecniche migliorative per le gare economicamente [&hellip;]<\/p>\n","protected":false},"author":1,"featured_media":0,"parent":0,"menu_order":0,"comment_status":"closed","ping_status":"closed","template":"","meta":[],"_links":{"self":[{"href":"https:\/\/piemontecnica.com\/index.php\/wp-json\/wp\/v2\/pages\/1721"}],"collection":[{"href":"https:\/\/piemontecnica.com\/index.php\/wp-json\/wp\/v2\/pages"}],"about":[{"href":"https:\/\/piemontecnica.com\/index.php\/wp-json\/wp\/v2\/types\/page"}],"author":[{"embeddable":true,"href":"https:\/\/piemontecnica.com\/index.php\/wp-json\/wp\/v2\/users\/1"}],"replies":[{"embeddable":true,"href":"https:\/\/piemontecnica.com\/index.php\/wp-json\/wp\/v2\/comments?post=1721"}],"version-history":[{"count":17,"href":"https:\/\/piemontecnica.com\/index.php\/wp-json\/wp\/v2\/pages\/1721\/revisions"}],"predecessor-version":[{"id":2186,"href":"https:\/\/piemontecnica.com\/index.php\/wp-json\/wp\/v2\/pages\/1721\/revisions\/2186"}],"wp:attachment":[{"href":"https:\/\/piemontecnica.com\/index.php\/wp-json\/wp\/v2\/media?parent=1721"}],"curies":[{"name":"wp","href":"https:\/\/api.w.org\/{rel}","templated":true}]}}