{"id":583,"date":"2017-07-06T17:26:25","date_gmt":"2017-07-06T15:26:25","guid":{"rendered":"http:\/\/www.spazioweb2.buonastampa.net\/?page_id=583"},"modified":"2019-06-27T09:57:42","modified_gmt":"2019-06-27T07:57:42","slug":"servizi-per-ingegneria","status":"publish","type":"page","link":"https:\/\/piemontecnica.com\/index.php\/servizi-per-ingegneria\/","title":{"rendered":"Servizi per l&#8217;ingegneria"},"content":{"rendered":"<p>[vc_row][vc_column][vc_single_image image=&#8221;728&#8243; img_size=&#8221;full&#8221; alignment=&#8221;center&#8221;][vc_column_text el_class=&#8221;testo20&#8243;]Progettiamo le vostre opere e ne seguiamo l\u2019evoluzione sino al giorno del collaudo passando dalla progettazione, alla direzione lavori, al coordinamento sicurezza ed al project management. Il nostro punto di forza sono le infrastrutture civili e idrauliche ma siamo in grado di soddisfare anche le altre specializzazioni ingegneristiche grazie alla nostra rete di collaboratori e consulenti di fiducia.[\/vc_column_text][vc_empty_space][\/vc_column][\/vc_row][vc_row][vc_column][vc_tta_accordion style=&#8221;flat&#8221; shape=&#8221;square&#8221; gap=&#8221;10&#8243; active_section=&#8221;1&#8243; no_fill=&#8221;true&#8221; collapsible_all=&#8221;true&#8221;][vc_tta_section title=&#8221;PROGETTAZIONE&#8221; tab_id=&#8221;1500136231546-52d1cd9b-0735&#8243;][vc_column_text]A partire dallo studio di fattibilit\u00e0 sino ad arrivare alla progettazione esecutiva o gli as-built, siate voi Enti Pubblici o Imprese: il nostro team multidisciplinare ci consente di soddisfare le vostre richieste per:<\/p>\n<ul>\n<li>\u00a0infrastrutture stradali semplici e complesse<\/li>\n<li>\u00a0infrastrutture idrauliche fluviali, studi e simulazioni idrauliche<\/li>\n<li>\u00a0reti idriche e fognarie<\/li>\n<li>\u00a0pratiche di asportazione e\/o movimentazione di materiale in alveo<\/li>\n<li>\u00a0opere civili ed impiantistiche<\/li>\n<li>\u00a0opere a verde e ingegneria naturalistica<\/li>\n<li>\u00a0prevenzione incendi<\/li>\n<li>\u00a0risparmio energetico<\/li>\n<\/ul>\n<p>[\/vc_column_text][\/vc_tta_section][vc_tta_section title=&#8221;CANTIERE&#8221; tab_id=&#8221;1500136231577-51871b06-307a&#8221;][vc_column_text]Per tutte le vostre opere, anche le pi\u00f9 complesse, siamo in grado di seguirne la realizzazione a partire dall\u2019approntamento del cantiere sino all\u2019emissione del certificato di collaudo:<\/p>\n<ul>\n<li>\u00a0direzione lavori e controllo operativo (direttori operativi)<\/li>\n<li>\u00a0coordinamento della sicurezza in fase di esecuzione<\/li>\n<li>\u00a0controllo dei costi e degli avanzamenti della commessa<\/li>\n<li>\u00a0project management<\/li>\n<li>\u00a0collaudi amministrativi in corso d\u2019opera e finali<\/li>\n<\/ul>\n<p>[\/vc_column_text][\/vc_tta_section][vc_tta_section title=&#8221;SICUREZZA SUI CANTIERI (D.Lgs.81\/2008)&#8221; tab_id=&#8221;1500136369926-786f567e-3996&#8243;][vc_column_text]La nostra esperienza in ambito sicurezza nasce negli appalti pubblici e si amplia nel mondo dei lavori privati sempre mantenendo come obiettivo quello del rispetto costante della normativa perch\u00e9 riguarda anzitutto la sicurezza di esseri umani. Siamo in grado di:<\/p>\n<ul>\n<li>sviluppare piani di sicurezza completi e dettagliati con simulazioni 3d ed analisi puntuale della cantierizzazione, per ogni tipo di opera, anche le pi\u00f9 complesse<\/li>\n<li>redigere piani operativi di sicurezza per ogni tipo di cantiere<\/li>\n<li>seguire in situ i cantieri mantenendo una sorveglianza vigile e costante in modo da garantire la qualit\u00e0 del nostro servizio e, \u00a0 soprattutto, la massima tutela ai lavoratori.<\/li>\n<\/ul>\n<p>[\/vc_column_text][\/vc_tta_section][vc_tta_section title=&#8221;SUPPORTO AGLI ENTI LOCALI&#8221; tab_id=&#8221;1500136417101-372b5e7c-3b06&#8243;][vc_column_text]Le nostre competenze non solamente di carattere tecnico ma anche amministrativo ed organizzativo ci consentono di fornire un servizio di utilit\u00e0 agli Enti Locali:<\/p>\n<ul>\n<li>supporto al RUP (Responsabile Unico del Procedimento) anche su opere complesse<\/li>\n<li>redazione dei collaudi amministrativi sia in corso d\u2019opera che finali<\/li>\n<li>consulenza nella redazione dei bandi per le Offerte Economicamente Vantaggiose o nella scelta della migliore procedura da applicare per affidare lavori e\/o servizi<\/li>\n<\/ul>\n<p>[\/vc_column_text][\/vc_tta_section][vc_tta_section title=&#8221;RETI DI TELECOMUNICAZIONE&#8221; tab_id=&#8221;1561621962642-0095fef8-cf0f&#8221;][vc_column_text]<span style=\"font-weight: 400;\">Siamo specializzati nella Direzione Lavori e Construction Management di reti TLC in fibra ottica con tecnologia FTTH. Abbiamo svolto queste attivit\u00e0 su progetti strategici in ambito nazionale.<\/span><\/p>\n<p><span style=\"font-weight: 400;\">Offriamo inoltre servizi di consulenza per la redazione di pratiche per l\u2019ottenimento di permessi presso enti pubblici e privati per la realizzazione di reti TLC.<\/span>[\/vc_column_text][\/vc_tta_section][vc_tta_section title=&#8221;INTERVENTI DI RIQUALIFICAZIONE ENERGETICA&#8221; tab_id=&#8221;1561622090536-bfa7bdb1-9c99&#8243;][vc_column_text]<span style=\"font-weight: 400;\">Offriamo servizi di consulenza per interventi di Riqualificazione Energetica su edifici esistenti, anche nell\u2019ottica del ECOBONUS 2019, a partire dalla diagnosi energetica fino all\u2019invio della documentazione tecnica e fiscale all\u2019ENEA.<\/span><\/p>\n<p><span style=\"font-weight: 400;\">La nostra struttura segue tutte le fasi del processo realizzativo:<\/span><\/p>\n<ul>\n<li style=\"font-weight: 400;\"><span style=\"font-weight: 400;\">diagnosi energetica secondo la UNI CEI EN 16247\u20102<\/span><\/li>\n<li style=\"font-weight: 400;\"><span style=\"font-weight: 400;\">progettazione intervento di riqualificazione<\/span><\/li>\n<li style=\"font-weight: 400;\"><span style=\"font-weight: 400;\">stesura dei capitolati tecnici<\/span><\/li>\n<li style=\"font-weight: 400;\"><span style=\"font-weight: 400;\">redazione delle pratiche di ottenimento dei permessi comunali<\/span><\/li>\n<li style=\"font-weight: 400;\"><span style=\"font-weight: 400;\">coordinamento sicurezza<\/span><\/li>\n<li style=\"font-weight: 400;\"><span style=\"font-weight: 400;\">certificazione energetica APE<\/span><\/li>\n<li style=\"font-weight: 400;\"><span style=\"font-weight: 400;\">invio pratiche a ANEA<\/span><\/li>\n<\/ul>\n<p>[\/vc_column_text][\/vc_tta_section][\/vc_tta_accordion][\/vc_column][\/vc_row][vc_row][vc_column][vc_separator border_width=&#8221;5&#8243; css=&#8221;.vc_custom_1496911635888{margin-top: 50px !important;margin-bottom: 50px !important;}&#8221;]<div class=\"call-to-action\">\n\t\t\t\t\t\t<div class=\"col-md-9\">\n\t\t\t\t\t\t\t<h2 class=\"action-title\" style=font-size:18px;>\n\t\t\t\t\t\t\t\tProgetti, idee, tutto ci\u00f2 che hai in mente, con noi \u00e8 pi\u00f9 semplice.\n\t\t\t\t\t\t\t<\/h2>\n\t\t\t\t\t\t<\/div>\n\t\t\t\t\t\t<div class=\"col-md-3 button-side\">\n\t\t\t\t\t\t\t<a class=\"btn btn-toranj\" href=\"http:\/\/piemontecnica.com\/index.php\/contatti\/\" target=\"\">Contattaci<\/a>\n\t\t\t\t\t\t<\/div>\n\t\t\t\t\t\t<div class=\"clearfix\"><\/div>\n\t\t\t\t\t<\/div>[vc_separator color=&#8221;white&#8221; css=&#8221;.vc_custom_1500976694364{margin-top: 20px !important;margin-bottom: 20px !important;}&#8221;][vc_row_inner][vc_column_inner width=&#8221;1\/3&#8243;]<a href=\"http:\/\/piemontecnica.com\/index.php\/consulenza-aziendale\/\" target=\"\"><div class=\"tj-hover-3\">\n\t\t\t\t\t\t\t\t<img src=\"https:\/\/piemontecnica.com\/wp-content\/uploads\/2017\/07\/consulenze.jpg\" class=\"img-responsive\" alt=\"Consulenza Aziendale\">\n\n\t\t\t\t\t\t\t\t<!-- Item Overlay -->\n\t\t\t\t\t\t\t\t<div class=\"tj-overlay\">\n\t\t\t\t\t\t\t\t\t<div class=\"vcenter-wrapper\">\n\t\t\t\t\t\t\t\t\t\t<div class=\"overlay-texts vcenter\">\n\t\t\t\t\t\t\t\t\t\t\t<h3 class=\"title\">Consulenza Aziendale<\/h3>\n\t\t\t\t\t\t\t\t\t\t\t<h4 class=\"subtitle\">Con cura e professionalit\u00e0 ottimizziamo ogni soluzione della tua impresa<\/h4>\n\t\t\t\t\t\t\t\t\t\t<\/div>\n\t\t\t\t\t\t\t\t\t<\/div>\n\t\t\t\t\t\t\t\t<\/div>\n\t\t\t\t\t\t\t\t<!-- \/Item Overlay -->\n\t\t\t\t\t\t\t<\/div><\/a>[\/vc_column_inner][vc_column_inner width=&#8221;1\/3&#8243;]<a href=\"http:\/\/piemontecnica.com\/index.php\/ricerca-finanziamenti\/\" target=\"\"><div class=\"tj-hover-3\">\n\t\t\t\t\t\t\t\t<img src=\"https:\/\/piemontecnica.com\/wp-content\/uploads\/2017\/07\/ricerca-finanziamenti.jpg\" class=\"img-responsive\" alt=\"Ricerca Finanziamenti\">\n\n\t\t\t\t\t\t\t\t<!-- Item Overlay -->\n\t\t\t\t\t\t\t\t<div class=\"tj-overlay\">\n\t\t\t\t\t\t\t\t\t<div class=\"vcenter-wrapper\">\n\t\t\t\t\t\t\t\t\t\t<div class=\"overlay-texts vcenter\">\n\t\t\t\t\t\t\t\t\t\t\t<h3 class=\"title\">Ricerca Finanziamenti<\/h3>\n\t\t\t\t\t\t\t\t\t\t\t<h4 class=\"subtitle\">Finanziamenti europei per la tua idea o impresa<\/h4>\n\t\t\t\t\t\t\t\t\t\t<\/div>\n\t\t\t\t\t\t\t\t\t<\/div>\n\t\t\t\t\t\t\t\t<\/div>\n\t\t\t\t\t\t\t\t<!-- \/Item Overlay -->\n\t\t\t\t\t\t\t<\/div><\/a>[\/vc_column_inner][vc_column_inner width=&#8221;1\/3&#8243;]<a href=\"http:\/\/piemontecnica.com\/\" target=\"\"><div class=\"tj-hover-3\">\n\t\t\t\t\t\t\t\t<img src=\"https:\/\/piemontecnica.com\/wp-content\/uploads\/2017\/07\/piemontecnica-main.jpg\" class=\"img-responsive\" alt=\"Home Page\">\n\n\t\t\t\t\t\t\t\t<!-- Item Overlay -->\n\t\t\t\t\t\t\t\t<div class=\"tj-overlay\">\n\t\t\t\t\t\t\t\t\t<div class=\"vcenter-wrapper\">\n\t\t\t\t\t\t\t\t\t\t<div class=\"overlay-texts vcenter\">\n\t\t\t\t\t\t\t\t\t\t\t<h3 class=\"title\">Home Page<\/h3>\n\t\t\t\t\t\t\t\t\t\t\t<h4 class=\"subtitle\">La casa di Piemontecnica<\/h4>\n\t\t\t\t\t\t\t\t\t\t<\/div>\n\t\t\t\t\t\t\t\t\t<\/div>\n\t\t\t\t\t\t\t\t<\/div>\n\t\t\t\t\t\t\t\t<!-- \/Item Overlay -->\n\t\t\t\t\t\t\t<\/div><\/a>[\/vc_column_inner][\/vc_row_inner][\/vc_column][\/vc_row]<\/p>\n","protected":false},"excerpt":{"rendered":"<p>[vc_row][vc_column][vc_single_image image=&#8221;728&#8243; img_size=&#8221;full&#8221; alignment=&#8221;center&#8221;][vc_column_text el_class=&#8221;testo20&#8243;]Progettiamo le vostre opere e ne seguiamo l\u2019evoluzione sino al giorno del collaudo passando dalla progettazione, alla direzione lavori, al coordinamento sicurezza ed al project management. Il nostro punto di forza sono le infrastrutture civili e idrauliche ma siamo in grado di soddisfare anche le altre specializzazioni ingegneristiche grazie alla nostra [&hellip;]<\/p>\n","protected":false},"author":1,"featured_media":0,"parent":0,"menu_order":0,"comment_status":"closed","ping_status":"closed","template":"","meta":[],"_links":{"self":[{"href":"https:\/\/piemontecnica.com\/index.php\/wp-json\/wp\/v2\/pages\/583"}],"collection":[{"href":"https:\/\/piemontecnica.com\/index.php\/wp-json\/wp\/v2\/pages"}],"about":[{"href":"https:\/\/piemontecnica.com\/index.php\/wp-json\/wp\/v2\/types\/page"}],"author":[{"embeddable":true,"href":"https:\/\/piemontecnica.com\/index.php\/wp-json\/wp\/v2\/users\/1"}],"replies":[{"embeddable":true,"href":"https:\/\/piemontecnica.com\/index.php\/wp-json\/wp\/v2\/comments?post=583"}],"version-history":[{"count":5,"href":"https:\/\/piemontecnica.com\/index.php\/wp-json\/wp\/v2\/pages\/583\/revisions"}],"predecessor-version":[{"id":1875,"href":"https:\/\/piemontecnica.com\/index.php\/wp-json\/wp\/v2\/pages\/583\/revisions\/1875"}],"wp:attachment":[{"href":"https:\/\/piemontecnica.com\/index.php\/wp-json\/wp\/v2\/media?parent=583"}],"curies":[{"name":"wp","href":"https:\/\/api.w.org\/{rel}","templated":true}]}}